{"id":91,"date":"2023-06-08T11:41:14","date_gmt":"2023-06-08T09:41:14","guid":{"rendered":"https:\/\/bodyvationcoachingdk.wordpress.com\/?page_id=27"},"modified":"2023-06-14T12:09:52","modified_gmt":"2023-06-14T12:09:52","slug":"handelsbetingelser","status":"publish","type":"page","link":"https:\/\/www.personlig-traning.dk\/index.php\/handelsbetingelser\/","title":{"rendered":"Handelsbetingelser"},"content":{"rendered":"\n<h2 class=\"wp-block-heading\"><strong>Handelsbetingelser<\/strong><\/h2>\n\n\n\n<p>Coaching V\/ Bodyvation I\/S<\/p>\n\n\n\n<p><em>CVR:41854227<\/em><\/p>\n\n\n\n<p>\u00a71:&nbsp; Handelsbetingelserne g\u00e6lder for samtlige ydelser, udbudt af Bodyvation I\/S. Herunder personlig tr\u00e6ning, kostvejledning, tr\u00e6ningsprogrammer, coaching, sparring og lignende serviceydelser.<\/p>\n\n\n\n<p>\u00a72:&nbsp; Ved bestilling af enhver ydelse, forpligter k\u00f8ber sig til at betale rettidigt jf. Den udstedte faktura, eller tilsvarende betalingsform.<\/p>\n\n\n\n<p>\u00a73:&nbsp; Ved betaling af enhver ydelse, fraskriver k\u00f8ber sig fortrydelsesretten, og dermed er enhver aftalt ydelse bindende.<\/p>\n\n\n\n<p>\u00a74:&nbsp; Der ydes p\u00e5 intet tidspunkt refusion, p\u00e5 p\u00e5begyndte ydelser undervejs i et forl\u00f8b. Skulle k\u00f8ber fortryde et k\u00f8b, g\u00e5r k\u00f8bet tabt, og Bodyvation I\/S kan s\u00e5ledes p\u00e5 intet tidspunkt stilles til ansvar for refusion af ydelser, af nogen art.<\/p>\n\n\n\n<p>\u00a75:&nbsp; Al brug af materiale, herunder kostvejledning, tr\u00e6nings-vejledning, personlig tr\u00e6ning, coaching ydelser, samt lignende bi-ydelser, sker til enhver tid p\u00e5 k\u00f8bers eget ansvar.<br><br>I tilf\u00e6lde af eventuelle skader. I tilf\u00e6lde af sygdom eller lignende f\u00f8lgevirkninger af eventuelle forl\u00f8b, eller som opst\u00e5r undervejs under vejledning, er dette s\u00e5ledes p\u00e5 k\u00f8bers eget ansvar, og Bodyvation I\/S kan s\u00e5ledes p\u00e5 intet tidspunkt stilles til ansvar for helbredsm\u00e6ssige konsekvenser som f\u00f8lge af et forl\u00f8b.<br>Det er til enhver tid k\u00f8bers eget ansvar, at s\u00f8rge for at denne er i en helbredsm\u00e6ssig forfatning der tillader stringente kostforl\u00f8b, tr\u00e6ningsforl\u00f8b etc.<\/p>\n\n\n\n<p>\u00a76:&nbsp; Det er til enhver tid k\u00f8bers eget ansvar at konsultere en l\u00e6ge forud for ethvert tr\u00e6nings- og\/eller kostforl\u00f8b.<br>Det er k\u00f8bers eget ansvar under den indledende screening, at informere \u00e6rligt om eventuelle helbredsm\u00e6ssige udfordringer, herunder f\u00f8devareallergier, intolerancer, og mere alvorlige helbredsm\u00e6ssige tilstande, der kan komplicere et forl\u00f8b.<br>Eksempler herp\u00e5 kan v\u00e6re: spiseforstyrrelser, diabetes, diverse tarmsygdomme og lignende.<\/p>\n\n\n\n<p>\u00a77:&nbsp; S\u00e5fremt k\u00f8ber er bekendt med sygdom der kan komplicere et forl\u00f8b, som endnu ikke er velbehandlet og kontrolleret, vil Bodyvation I\/S p\u00e5 intet tidspunkt p\u00e5tage sig forl\u00f8b af nogen grad, med k\u00f8ber.<\/p>\n\n\n\n<p>\u00a78:&nbsp; Leveringstid af enhver ydelse sker som udgangspunkt efter aftale. S\u00e5fremt intet andet aftales, forventes en leveringstid p\u00e5 3-5 arbejdsdage, p\u00e5 vare- og tjenesteydelser der skal special-fremstilles til forbrugeren, herunder kost- og tr\u00e6nings-programmer.<br><br>Leveringstiden starter fra den indledende konsultation har fundet sted. Der kan i s\u00e6rlige tilf\u00e6lde opst\u00e5 l\u00e6ngere leveringstid. I s\u00e5 fald informeres der herom ved den indledende konsultation.<br><br>Det tilstr\u00e6bes til hver en tid, at ydelser leveres hurtigst muligt, og medmindre andet aftales, kan ovenst\u00e5ende betragtes som leveringsfristen.<br>Personlige tr\u00e6ningstimer leveres s\u00e5ledes p\u00e5 et givent aftalt tidspunkt, og har s\u00e5ledes l\u00e6ngere leveringstid, da ydelsen leveres i henhold til aftalt tidspunkt i realtid.<\/p>\n\n\n\n<p>\u00a78.1: S\u00e6rlige omst\u00e6ndigheder omfatter blandt andet: sygdom, travle arbejdsgange, ferie, og lignende uhensigtsm\u00e6ssigheder der p\u00e5virker leveringsfristen. Skulle der opst\u00e5 sygdom under en leveringsfrist, vil k\u00f8ber blive informeret herom, og m\u00e5 p\u00e5 beregne en forl\u00e6nget leveringsfrist, svarende til sygdomsforl\u00f8bets omfang.<\/p>\n\n\n\n<p>\u00a79:&nbsp; I tilf\u00e6lde af uforudsete afbrydelser fra k\u00f8bers side, under et forl\u00f8b, forl\u00e6nges forl\u00f8bsperioden ikke, medmindre er aftalt skriftligt. Herunder falder sygdomsforl\u00f8b, ferie og andet der kan afbryde et eventuelt forl\u00f8b helt eller delvist.<br>Det er s\u00e5ledes k\u00f8bers eget ansvar at v\u00e6re i stand til at gennemf\u00f8re, samt overholde de forpligtelser denne m\u00e5 v\u00e6re p\u00e5lagt som led i et forl\u00f8b.<\/p>\n\n\n\n<p>\u00a710:&nbsp; Der handles som udgangspunkt ikke med individer under 18 \u00e5r. I s\u00e5danne tilf\u00e6lde kr\u00e6ves en for\u00e6lders\/v\u00e6rges accept af indev\u00e6rende handels- og forretningsbetingelser, og for\u00e6ldrene\/v\u00e6rgen p\u00e5tager sig s\u00e5ledes det fulde ansvar for k\u00f8bers fysiske forfatning under, s\u00e5vel som efter forl\u00f8bet.<br>Der kr\u00e6ves en skriftlig accept ved ethvert tilf\u00e6lde.<\/p>\n\n\n\n<p>\u00a711:&nbsp; Ved manglende fremm\u00f8de eller forsinkelse p\u00e5 over 15 min. vil tjenester v\u00e6re talt som afviklet og kan ikke flyttes eller udskydes til en anden dato.<\/p>\n\n\n\n<p>\u00a712:&nbsp; Ved aflysninger mindre end 48 timer f\u00f8r aftalt dato og tid, forbeholder Bodyvation I\/S sig ret til at se aftalen som afviklet, s\u00e5fremt det er en tilbagevendende h\u00e6ndelse.<\/p>\n\n\n\n<p>\u00a713:&nbsp; Deling og\/eller distribuering af materialer er ikke tilladt. Handlinger i strid med licensrettighederne vil resultere i retsforf\u00f8lgelse.<\/p>\n\n\n\n<p><strong>Kost- og\/eller tr\u00e6ningsplanerne er personlige<\/strong>. Al kopiering, udover til dit private forbrug, og yderligere uretm\u00e6ssig spredning er forbudt. Du er selv ansvarlig for, at kost- og\/eller tr\u00e6nings planerne ikke videregives til andre brugere.<\/p>\n\n\n\n<p>\u00a714:&nbsp; Ved gentagne signifikante afvigelser fra kost- og\/eller tr\u00e6nings-plan kan Bodyvation I\/S ikke holdes skyldig for manglede resultat eller justeringer i programmer og &#8220;UBEGR\u00c6NSET COACHING&#8221; frafalder. Hvis Bodyvation I\/S vurderer klientens fremm\u00f8de og indsats til personlige tr\u00e6ninger som mangelfuld, er Bodyvation I\/S frataget ansvar for at forts\u00e6tte forl\u00f8bet uden mulighed for fortrydelse eller tilbagebetaling af varer fra k\u00f8bers side.<\/p>\n\n\n\n<p>\u00a715:&nbsp; Der er l\u00f8bende m\u00e5ned + 1 m\u00e5neds opsigelse af forl\u00f8b. Eks.: hvis klienten opsiger sit forl\u00f8b i januar, vil forl\u00f8bets varighed v\u00e6re til og med den sidste dag i februar.&nbsp;<\/p>\n\n\n\n<p>\u00a716:&nbsp; Ved bestilling og betaling af \u00e9n eller flere ydelser udbudt af Bodyvation I\/S, accepterer k\u00f8ber s\u00e5ledes ovenst\u00e5ende handelsbetingelser, og kan s\u00e5ledes p\u00e5 intet tidspunkt g\u00f8re indsigelser overfor disse.<\/p>\n","protected":false},"excerpt":{"rendered":"<p>Handelsbetingelser Coaching V\/ Bodyvation I\/S CVR:41854227 \u00a71:&nbsp; Handelsbetingelserne g\u00e6lder for samtlige ydelser, udbudt af Bodyvation I\/S. Herunder personlig tr\u00e6ning, kostvejledning, tr\u00e6ningsprogrammer, coaching, sparring og lignende serviceydelser. \u00a72:&nbsp; Ved bestilling af enhver ydelse, forpligter k\u00f8ber sig til at betale rettidigt jf. Den udstedte faktura, eller tilsvarende betalingsform. \u00a73:&nbsp; Ved betaling af enhver ydelse, fraskriver k\u00f8ber sig [&hellip;]<\/p>\n","protected":false},"author":1,"featured_media":0,"parent":0,"menu_order":0,"comment_status":"closed","ping_status":"closed","template":"","meta":{"footnotes":""},"class_list":["post-91","page","type-page","status-publish","hentry"],"aioseo_notices":[],"_links":{"self":[{"href":"https:\/\/www.personlig-traning.dk\/index.php\/wp-json\/wp\/v2\/pages\/91"}],"collection":[{"href":"https:\/\/www.personlig-traning.dk\/index.php\/wp-json\/wp\/v2\/pages"}],"about":[{"href":"https:\/\/www.personlig-traning.dk\/index.php\/wp-json\/wp\/v2\/types\/page"}],"author":[{"embeddable":true,"href":"https:\/\/www.personlig-traning.dk\/index.php\/wp-json\/wp\/v2\/users\/1"}],"replies":[{"embeddable":true,"href":"https:\/\/www.personlig-traning.dk\/index.php\/wp-json\/wp\/v2\/comments?post=91"}],"version-history":[{"count":1,"href":"https:\/\/www.personlig-traning.dk\/index.php\/wp-json\/wp\/v2\/pages\/91\/revisions"}],"predecessor-version":[{"id":170,"href":"https:\/\/www.personlig-traning.dk\/index.php\/wp-json\/wp\/v2\/pages\/91\/revisions\/170"}],"wp:attachment":[{"href":"https:\/\/www.personlig-traning.dk\/index.php\/wp-json\/wp\/v2\/media?parent=91"}],"curies":[{"name":"wp","href":"https:\/\/api.w.org\/{rel}","templated":true}]}}